{"id":44,"date":"2014-12-15T13:17:46","date_gmt":"2014-12-15T13:17:46","guid":{"rendered":"http:\/\/www.patrick-windholz.at\/?page_id=44"},"modified":"2025-01-08T10:06:43","modified_gmt":"2025-01-08T09:06:43","slug":"impressum-kontakt","status":"publish","type":"page","link":"https:\/\/www.patrick-windholz.at\/?page_id=44","title":{"rendered":""},"content":{"rendered":"<p style=\"text-align: center;\">\u00a0<\/p>\n<hr \/>\n<p style=\"text-align: center;\"><span style=\"color: #00c3aa;\">DIE VERVIELF\u00c4LTIGUNG DIESER WEBSEITE, ODER DIE BEARBEITUNG DEREN INHALTE BEDARF GRUNDS\u00c4TZLICH DER AUSDR\u00dcCKLICHEN EINWILLIGUNG DES EIGENT\u00dcMERS<br \/><\/span><\/p>\n<hr \/>\n<p style=\"text-align: center;\">\u00a0<\/p>\n\n\n<p><\/p>\n","protected":false},"excerpt":{"rendered":"<p>\u00a0 DIE VERVIELF\u00c4LTIGUNG DIESER WEBSEITE, ODER DIE BEARBEITUNG DEREN INHALTE BEDARF GRUNDS\u00c4TZLICH DER AUSDR\u00dcCKLICHEN EINWILLIGUNG DES EIGENT\u00dcMERS \u00a0<\/p>\n","protected":false},"author":1,"featured_media":0,"parent":0,"menu_order":0,"comment_status":"closed","ping_status":"closed","template":"","meta":{"_bbp_topic_count":0,"_bbp_reply_count":0,"_bbp_total_topic_count":0,"_bbp_total_reply_count":0,"_bbp_voice_count":0,"_bbp_anonymous_reply_count":0,"_bbp_topic_count_hidden":0,"_bbp_reply_count_hidden":0,"_bbp_forum_subforum_count":0},"yoast_head":"<!-- This site is optimized with the Yoast SEO plugin v14.5 - https:\/\/yoast.com\/wordpress\/plugins\/seo\/ -->\n<title>&ndash; Patrick Windholz Tuina Anmo Praktiker Neusiedl am See<\/title>\n<meta name=\"description\" content=\"PATRICK WINDHOLZ - TUINA ANMO PRAKTIKER - MASSAGETHERAPIE NACH TCM - AKUPRESSUR - SCHR\u00d6PFEN - MOXEN - GUA SHA - SPORTMASSAGETHERAPIE - TRAININGSBETREUUNG - KLASSISCHE MASSAGE\" \/>\n<meta name=\"robots\" content=\"index, follow\" \/>\n<meta name=\"googlebot\" content=\"index, follow, max-snippet:-1, max-image-preview:large, max-video-preview:-1\" \/>\n<meta name=\"bingbot\" content=\"index, follow, max-snippet:-1, max-image-preview:large, max-video-preview:-1\" \/>\n<link rel=\"canonical\" href=\"https:\/\/www.patrick-windholz.at\/?page_id=44\" \/>\n<meta property=\"og:locale\" content=\"de_DE\" \/>\n<meta property=\"og:type\" content=\"article\" \/>\n<meta property=\"og:title\" content=\"&ndash; Patrick Windholz Tuina Anmo Praktiker Neusiedl am See\" \/>\n<meta property=\"og:description\" content=\"PATRICK WINDHOLZ - TUINA ANMO PRAKTIKER - MASSAGETHERAPIE NACH TCM - AKUPRESSUR - SCHR\u00d6PFEN - MOXEN - GUA SHA - SPORTMASSAGETHERAPIE - TRAININGSBETREUUNG - KLASSISCHE MASSAGE\" \/>\n<meta property=\"og:url\" content=\"https:\/\/www.patrick-windholz.at\/?page_id=44\" \/>\n<meta property=\"og:site_name\" content=\"Patrick Windholz Tuina Anmo Praktiker Neusiedl am See\" \/>\n<meta property=\"article:modified_time\" content=\"2025-01-08T09:06:43+00:00\" \/>\n<meta name=\"twitter:card\" content=\"summary_large_image\" \/>\n<script type=\"application\/ld+json\" class=\"yoast-schema-graph\">{\"@context\":\"https:\/\/schema.org\",\"@graph\":[{\"@type\":\"Organization\",\"@id\":\"https:\/\/www.patrick-windholz.at\/#organization\",\"name\":\"Patrick Windholz\",\"url\":\"https:\/\/www.patrick-windholz.at\/\",\"sameAs\":[],\"logo\":{\"@type\":\"ImageObject\",\"@id\":\"https:\/\/www.patrick-windholz.at\/#logo\",\"inLanguage\":\"de\",\"url\":\"https:\/\/www.patrick-windholz.at\/wp-content\/uploads\/2019\/11\/yin_yang_logo_name-e1574929705792.jpg\",\"width\":283,\"height\":265,\"caption\":\"Patrick Windholz\"},\"image\":{\"@id\":\"https:\/\/www.patrick-windholz.at\/#logo\"}},{\"@type\":\"WebSite\",\"@id\":\"https:\/\/www.patrick-windholz.at\/#website\",\"url\":\"https:\/\/www.patrick-windholz.at\/\",\"name\":\"Patrick Windholz Tuina Anmo Praktiker Neusiedl am See\",\"description\":\"Massage der traditionellen chinesichen Medizin\",\"publisher\":{\"@id\":\"https:\/\/www.patrick-windholz.at\/#organization\"},\"potentialAction\":[{\"@type\":\"SearchAction\",\"target\":\"https:\/\/www.patrick-windholz.at\/?s={search_term_string}\",\"query-input\":\"required name=search_term_string\"}],\"inLanguage\":\"de\"},{\"@type\":\"WebPage\",\"@id\":\"https:\/\/www.patrick-windholz.at\/?page_id=44#webpage\",\"url\":\"https:\/\/www.patrick-windholz.at\/?page_id=44\",\"name\":\"&ndash; Patrick Windholz Tuina Anmo Praktiker Neusiedl am See\",\"isPartOf\":{\"@id\":\"https:\/\/www.patrick-windholz.at\/#website\"},\"datePublished\":\"2014-12-15T13:17:46+00:00\",\"dateModified\":\"2025-01-08T09:06:43+00:00\",\"description\":\"PATRICK WINDHOLZ - TUINA ANMO PRAKTIKER - MASSAGETHERAPIE NACH TCM - AKUPRESSUR - SCHR\\u00d6PFEN - MOXEN - GUA SHA - SPORTMASSAGETHERAPIE - TRAININGSBETREUUNG - KLASSISCHE MASSAGE\",\"inLanguage\":\"de\",\"potentialAction\":[{\"@type\":\"ReadAction\",\"target\":[\"https:\/\/www.patrick-windholz.at\/?page_id=44\"]}]}]}<\/script>\n<!-- \/ Yoast SEO plugin. -->","_links":{"self":[{"href":"https:\/\/www.patrick-windholz.at\/index.php?rest_route=\/wp\/v2\/pages\/44"}],"collection":[{"href":"https:\/\/www.patrick-windholz.at\/index.php?rest_route=\/wp\/v2\/pages"}],"about":[{"href":"https:\/\/www.patrick-windholz.at\/index.php?rest_route=\/wp\/v2\/types\/page"}],"author":[{"embeddable":true,"href":"https:\/\/www.patrick-windholz.at\/index.php?rest_route=\/wp\/v2\/users\/1"}],"replies":[{"embeddable":true,"href":"https:\/\/www.patrick-windholz.at\/index.php?rest_route=%2Fwp%2Fv2%2Fcomments&post=44"}],"version-history":[{"count":44,"href":"https:\/\/www.patrick-windholz.at\/index.php?rest_route=\/wp\/v2\/pages\/44\/revisions"}],"predecessor-version":[{"id":3562,"href":"https:\/\/www.patrick-windholz.at\/index.php?rest_route=\/wp\/v2\/pages\/44\/revisions\/3562"}],"wp:attachment":[{"href":"https:\/\/www.patrick-windholz.at\/index.php?rest_route=%2Fwp%2Fv2%2Fmedia&parent=44"}],"curies":[{"name":"wp","href":"https:\/\/api.w.org\/{rel}","templated":true}]}}