{"id":3192,"date":"2021-10-10T15:57:55","date_gmt":"2021-10-10T14:57:55","guid":{"rendered":"https:\/\/www.patrick-windholz.at\/?page_id=3192"},"modified":"2021-10-12T13:40:30","modified_gmt":"2021-10-12T12:40:30","slug":"3192-2","status":"publish","type":"page","link":"https:\/\/www.patrick-windholz.at\/?page_id=3192","title":{"rendered":""},"content":{"rendered":"\n<p style=\"color:#00c300\" class=\"has-text-color\">WAS IST NUAD<br><span style=\"color:#00c3aa\" class=\"has-inline-color\">DIE TRADITIONELLE THAI K\u00d6RPERARBEIT. DURCH AKUPRESSUR DER SEN LINIEN WERDEN STAGNATIONEN IN DEN ENERGIELEITBAHNEN GEL\u00d6ST. DIE BEHANDLUNG ERFOLGT AM BEKLEIDETEN K\u00d6RPER &#8211; DURCH ZUG, DRUCK UND PASSIVE DEHNUNG WIRD VERSUCHT K\u00d6RPERLICHE, WIE AUCH SEELISCHE BLOCKADEN ZU L\u00d6SEN.<\/span><\/p>\n","protected":false},"excerpt":{"rendered":"<p>WAS IST NUADDIE TRADITIONELLE THAI K\u00d6RPERARBEIT. DURCH AKUPRESSUR DER SEN LINIEN WERDEN STAGNATIONEN IN DEN ENERGIELEITBAHNEN GEL\u00d6ST. DIE BEHANDLUNG ERFOLGT AM BEKLEIDETEN K\u00d6RPER &#8211; DURCH ZUG, DRUCK UND PASSIVE DEHNUNG WIRD VERSUCHT K\u00d6RPERLICHE, WIE AUCH SEELISCHE BLOCKADEN ZU L\u00d6SEN.<\/p>\n","protected":false},"author":2,"featured_media":0,"parent":0,"menu_order":0,"comment_status":"closed","ping_status":"closed","template":"","meta":{"_bbp_topic_count":0,"_bbp_reply_count":0,"_bbp_total_topic_count":0,"_bbp_total_reply_count":0,"_bbp_voice_count":0,"_bbp_anonymous_reply_count":0,"_bbp_topic_count_hidden":0,"_bbp_reply_count_hidden":0,"_bbp_forum_subforum_count":0},"yoast_head":"<!-- This site is optimized with the Yoast SEO plugin v14.5 - https:\/\/yoast.com\/wordpress\/plugins\/seo\/ -->\n<title>&ndash; Patrick Windholz Tuina Anmo Praktiker Neusiedl am See<\/title>\n<meta name=\"description\" content=\"PATRICK WINDHOLZ - TUINA ANMO PRAKTIKER - MASSAGETHERAPIE NACH TCM - AKUPRESSUR - SCHR\u00d6PFEN - MOXEN - GUA SHA - SPORTMASSAGETHERAPIE - TRAININGSBETREUUNG - KLASSISCHE MASSAGE\" \/>\n<meta name=\"robots\" content=\"index, follow\" \/>\n<meta name=\"googlebot\" content=\"index, follow, max-snippet:-1, max-image-preview:large, max-video-preview:-1\" \/>\n<meta name=\"bingbot\" content=\"index, follow, max-snippet:-1, max-image-preview:large, max-video-preview:-1\" \/>\n<link rel=\"canonical\" href=\"https:\/\/www.patrick-windholz.at\/?page_id=3192\" \/>\n<meta property=\"og:locale\" content=\"de_DE\" \/>\n<meta property=\"og:type\" content=\"article\" \/>\n<meta property=\"og:title\" content=\"&ndash; Patrick Windholz Tuina Anmo Praktiker Neusiedl am See\" \/>\n<meta property=\"og:description\" content=\"PATRICK WINDHOLZ - TUINA ANMO PRAKTIKER - MASSAGETHERAPIE NACH TCM - AKUPRESSUR - SCHR\u00d6PFEN - MOXEN - GUA SHA - SPORTMASSAGETHERAPIE - TRAININGSBETREUUNG - KLASSISCHE MASSAGE\" \/>\n<meta property=\"og:url\" content=\"https:\/\/www.patrick-windholz.at\/?page_id=3192\" \/>\n<meta property=\"og:site_name\" content=\"Patrick Windholz Tuina Anmo Praktiker Neusiedl am See\" \/>\n<meta property=\"article:modified_time\" content=\"2021-10-12T12:40:30+00:00\" \/>\n<meta name=\"twitter:card\" content=\"summary_large_image\" \/>\n<script type=\"application\/ld+json\" class=\"yoast-schema-graph\">{\"@context\":\"https:\/\/schema.org\",\"@graph\":[{\"@type\":\"Organization\",\"@id\":\"https:\/\/www.patrick-windholz.at\/#organization\",\"name\":\"Patrick Windholz\",\"url\":\"https:\/\/www.patrick-windholz.at\/\",\"sameAs\":[],\"logo\":{\"@type\":\"ImageObject\",\"@id\":\"https:\/\/www.patrick-windholz.at\/#logo\",\"inLanguage\":\"de\",\"url\":\"https:\/\/www.patrick-windholz.at\/wp-content\/uploads\/2019\/11\/yin_yang_logo_name-e1574929705792.jpg\",\"width\":283,\"height\":265,\"caption\":\"Patrick Windholz\"},\"image\":{\"@id\":\"https:\/\/www.patrick-windholz.at\/#logo\"}},{\"@type\":\"WebSite\",\"@id\":\"https:\/\/www.patrick-windholz.at\/#website\",\"url\":\"https:\/\/www.patrick-windholz.at\/\",\"name\":\"Patrick Windholz Tuina Anmo Praktiker Neusiedl am See\",\"description\":\"Massage der traditionellen chinesichen Medizin\",\"publisher\":{\"@id\":\"https:\/\/www.patrick-windholz.at\/#organization\"},\"potentialAction\":[{\"@type\":\"SearchAction\",\"target\":\"https:\/\/www.patrick-windholz.at\/?s={search_term_string}\",\"query-input\":\"required name=search_term_string\"}],\"inLanguage\":\"de\"},{\"@type\":\"WebPage\",\"@id\":\"https:\/\/www.patrick-windholz.at\/?page_id=3192#webpage\",\"url\":\"https:\/\/www.patrick-windholz.at\/?page_id=3192\",\"name\":\"&ndash; Patrick Windholz Tuina Anmo Praktiker Neusiedl am See\",\"isPartOf\":{\"@id\":\"https:\/\/www.patrick-windholz.at\/#website\"},\"datePublished\":\"2021-10-10T14:57:55+00:00\",\"dateModified\":\"2021-10-12T12:40:30+00:00\",\"description\":\"PATRICK WINDHOLZ - TUINA ANMO PRAKTIKER - MASSAGETHERAPIE NACH TCM - AKUPRESSUR - SCHR\\u00d6PFEN - MOXEN - GUA SHA - SPORTMASSAGETHERAPIE - TRAININGSBETREUUNG - KLASSISCHE MASSAGE\",\"inLanguage\":\"de\",\"potentialAction\":[{\"@type\":\"ReadAction\",\"target\":[\"https:\/\/www.patrick-windholz.at\/?page_id=3192\"]}]}]}<\/script>\n<!-- \/ Yoast SEO plugin. -->","_links":{"self":[{"href":"https:\/\/www.patrick-windholz.at\/index.php?rest_route=\/wp\/v2\/pages\/3192"}],"collection":[{"href":"https:\/\/www.patrick-windholz.at\/index.php?rest_route=\/wp\/v2\/pages"}],"about":[{"href":"https:\/\/www.patrick-windholz.at\/index.php?rest_route=\/wp\/v2\/types\/page"}],"author":[{"embeddable":true,"href":"https:\/\/www.patrick-windholz.at\/index.php?rest_route=\/wp\/v2\/users\/2"}],"replies":[{"embeddable":true,"href":"https:\/\/www.patrick-windholz.at\/index.php?rest_route=%2Fwp%2Fv2%2Fcomments&post=3192"}],"version-history":[{"count":6,"href":"https:\/\/www.patrick-windholz.at\/index.php?rest_route=\/wp\/v2\/pages\/3192\/revisions"}],"predecessor-version":[{"id":3217,"href":"https:\/\/www.patrick-windholz.at\/index.php?rest_route=\/wp\/v2\/pages\/3192\/revisions\/3217"}],"wp:attachment":[{"href":"https:\/\/www.patrick-windholz.at\/index.php?rest_route=%2Fwp%2Fv2%2Fmedia&parent=3192"}],"curies":[{"name":"wp","href":"https:\/\/api.w.org\/{rel}","templated":true}]}}